{"id":25179,"date":"2025-02-11T14:18:33","date_gmt":"2025-02-11T19:18:33","guid":{"rendered":"https:\/\/www.iteraprocess.com\/confirmacion-contacto\/"},"modified":"2025-03-14T15:40:31","modified_gmt":"2025-03-14T20:40:31","slug":"confirmacion-contacto","status":"publish","type":"page","link":"https:\/\/www.iteraprocess.com\/es_la\/confirmacion-contacto\/","title":{"rendered":"Confirmaci\u00f3n Contacto"},"content":{"rendered":"\t\t<div data-elementor-type=\"wp-page\" data-elementor-id=\"25179\" class=\"elementor elementor-25179 elementor-23416\" data-elementor-post-type=\"page\">\n\t\t\t\t<div class=\"elementor-element elementor-element-1087a26 e-con-full e-flex e-con e-parent\" data-id=\"1087a26\" data-element_type=\"container\" data-settings=\"{&quot;background_background&quot;:&quot;classic&quot;}\">\n\t\t<div class=\"elementor-element elementor-element-4539edb e-con-full e-flex e-con e-child\" data-id=\"4539edb\" data-element_type=\"container\">\n\t\t\t\t<div class=\"elementor-element elementor-element-4833966 elementor-widget elementor-widget-html\" data-id=\"4833966\" data-element_type=\"widget\" data-widget_type=\"html.default\">\n\t\t\t\t<div class=\"elementor-widget-container\">\n\t\t\t\t\t<script>\r\n    jQuery(document).ready(function() {\r\n        if(!jQuery('body').hasClass('wp-editor') && !jQuery('body').hasClass('elementor-editor-active')){\r\n            \r\n            let countSegundos = 10;\r\n            document.getElementById('segundos').innerText = countSegundos;\r\n            let myInterval = setInterval(function () {\r\n                countSegundos--;\r\n                document.getElementById('segundos').innerText = countSegundos;\r\n                if(countSegundos <= 0){ \r\n                    window.location.href = location.origin;\r\n                    clearInterval(myInterval); \r\n                }\r\n            } , 1000);\r\n\r\n        }\r\n    })\r\n<\/script>\t\t\t\t<\/div>\n\t\t\t\t<\/div>\n\t\t\t\t<div class=\"elementor-element elementor-element-8c15508 elementor-widget__width-initial elementor-widget elementor-widget-text-editor\" data-id=\"8c15508\" data-element_type=\"widget\" data-widget_type=\"text-editor.default\">\n\t\t\t\t<div class=\"elementor-widget-container\">\n\t\t\t\t\t\t\t\t\t<div class=\"confirm_contac_title\" style=\"text-align: center;\">\n<p class=\"title_a\">\u00a1Formulario recibido!<\/p>\n<p class=\"title_b\">Gracias por considerarnos para tu transformaci\u00f3n digital. Nuestro equipo revisar\u00e1 tu solicitud y en breve se pondr\u00e1 en contacto contigo.<\/p>\n<p class=\"title_c\">Ser\u00e1s redirigido al Inicio en:<\/p>\n<p class=\"title_c\"><span id=\"segundos\">0<\/span> segundos<\/p>\n<\/div>\n\t\t\t\t\t\t\t\t<\/div>\n\t\t\t\t<\/div>\n\t\t\t\t<\/div>\n\t\t\t\t<\/div>\n\t\t\t\t<\/div>\n\t\t","protected":false},"excerpt":{"rendered":"<p>\u00a1Formulario recibido! Gracias por considerarnos para tu transformaci\u00f3n digital. Nuestro equipo revisar\u00e1 tu solicitud y en breve se pondr\u00e1 en contacto contigo. Ser\u00e1s redirigido al Inicio en: 0 segundos<\/p>\n","protected":false},"author":1,"featured_media":0,"parent":0,"menu_order":0,"comment_status":"closed","ping_status":"closed","template":"elementor_header_footer","meta":{"inline_featured_image":false,"footnotes":""},"categories":[],"tags":[],"class_list":["post-25179","page","type-page","status-publish","hentry"],"yoast_head":"<!-- This site is optimized with the Yoast SEO Premium plugin v27.5 (Yoast SEO v27.5) - https:\/\/yoast.com\/product\/yoast-seo-premium-wordpress\/ -->\n<title>Confirmaci\u00f3n Contacto - Itera Process<\/title>\n<meta name=\"robots\" content=\"index, follow, max-snippet:-1, max-image-preview:large, max-video-preview:-1\" \/>\n<link rel=\"canonical\" href=\"https:\/\/www.iteraprocess.com\/es_la\/confirmacion-contacto\/\" \/>\n<meta property=\"og:locale\" content=\"es_LA\" \/>\n<meta property=\"og:type\" content=\"article\" \/>\n<meta property=\"og:title\" content=\"Confirmaci\u00f3n Contacto\" \/>\n<meta property=\"og:description\" content=\"\u00a1Formulario recibido! Gracias por considerarnos para tu transformaci\u00f3n digital. Nuestro equipo revisar\u00e1 tu solicitud y en breve se pondr\u00e1 en contacto contigo. Ser\u00e1s redirigido al Inicio en: 0 segundos\" \/>\n<meta property=\"og:url\" content=\"https:\/\/www.iteraprocess.com\/es_la\/confirmacion-contacto\/\" \/>\n<meta property=\"og:site_name\" content=\"Itera Process\" \/>\n<meta property=\"article:publisher\" content=\"https:\/\/www.facebook.com\/IteraBusinessProcess\" \/>\n<meta property=\"article:modified_time\" content=\"2025-03-14T20:40:31+00:00\" \/>\n<meta name=\"twitter:card\" content=\"summary_large_image\" \/>\n<script type=\"application\/ld+json\" class=\"yoast-schema-graph\">{\"@context\":\"https:\\\/\\\/schema.org\",\"@graph\":[{\"@type\":\"WebPage\",\"@id\":\"https:\\\/\\\/www.iteraprocess.com\\\/es_la\\\/confirmacion-contacto\\\/\",\"url\":\"https:\\\/\\\/www.iteraprocess.com\\\/es_la\\\/confirmacion-contacto\\\/\",\"name\":\"Confirmaci\u00f3n Contacto - Itera Process\",\"isPartOf\":{\"@id\":\"https:\\\/\\\/www.iteraprocess.com\\\/#website\"},\"datePublished\":\"2025-02-11T19:18:33+00:00\",\"dateModified\":\"2025-03-14T20:40:31+00:00\",\"breadcrumb\":{\"@id\":\"https:\\\/\\\/www.iteraprocess.com\\\/es_la\\\/confirmacion-contacto\\\/#breadcrumb\"},\"inLanguage\":\"es-LA\",\"potentialAction\":[{\"@type\":\"ReadAction\",\"target\":[\"https:\\\/\\\/www.iteraprocess.com\\\/es_la\\\/confirmacion-contacto\\\/\"]}]},{\"@type\":\"BreadcrumbList\",\"@id\":\"https:\\\/\\\/www.iteraprocess.com\\\/es_la\\\/confirmacion-contacto\\\/#breadcrumb\",\"itemListElement\":[{\"@type\":\"ListItem\",\"position\":1,\"name\":\"Portada\",\"item\":\"https:\\\/\\\/www.iteraprocess.com\\\/es_la\\\/\"},{\"@type\":\"ListItem\",\"position\":2,\"name\":\"Confirmaci\u00f3n Contacto\"}]},{\"@type\":\"WebSite\",\"@id\":\"https:\\\/\\\/www.iteraprocess.com\\\/#website\",\"url\":\"https:\\\/\\\/www.iteraprocess.com\\\/\",\"name\":\"Itera Process\",\"description\":\"\",\"publisher\":{\"@id\":\"https:\\\/\\\/www.iteraprocess.com\\\/#organization\"},\"potentialAction\":[{\"@type\":\"SearchAction\",\"target\":{\"@type\":\"EntryPoint\",\"urlTemplate\":\"https:\\\/\\\/www.iteraprocess.com\\\/?s={search_term_string}\"},\"query-input\":{\"@type\":\"PropertyValueSpecification\",\"valueRequired\":true,\"valueName\":\"search_term_string\"}}],\"inLanguage\":\"es-LA\"},{\"@type\":\"Organization\",\"@id\":\"https:\\\/\\\/www.iteraprocess.com\\\/#organization\",\"name\":\"Itera Process\",\"alternateName\":\"IT ERA\",\"url\":\"https:\\\/\\\/www.iteraprocess.com\\\/\",\"logo\":{\"@type\":\"ImageObject\",\"inLanguage\":\"es-LA\",\"@id\":\"https:\\\/\\\/www.iteraprocess.com\\\/#\\\/schema\\\/logo\\\/image\\\/\",\"url\":\"https:\\\/\\\/www.iteraprocess.com\\\/wp-content\\\/uploads\\\/2026\\\/03\\\/2.png\",\"contentUrl\":\"https:\\\/\\\/www.iteraprocess.com\\\/wp-content\\\/uploads\\\/2026\\\/03\\\/2.png\",\"width\":1200,\"height\":1200,\"caption\":\"Itera Process\"},\"image\":{\"@id\":\"https:\\\/\\\/www.iteraprocess.com\\\/#\\\/schema\\\/logo\\\/image\\\/\"},\"sameAs\":[\"https:\\\/\\\/www.facebook.com\\\/IteraBusinessProcess\",\"https:\\\/\\\/www.linkedin.com\\\/company\\\/itera-process\"],\"description\":\"Somos especialistas en proyectos complejos de Cloud, Workflow Automation, AI y Data. Aceleramos la transformaci\u00f3n digital de las empresas con un enfoque estrat\u00e9gico, \u00e1gil y centrado en resultados.\",\"email\":\"info.mx.df@iteraprocess.com\",\"telephone\":\"52553300 0650\",\"legalName\":\"IT ERA SA de CV\",\"foundingDate\":\"2001-01-30\",\"vatID\":\"ESB85261071\",\"numberOfEmployees\":{\"@type\":\"QuantitativeValue\",\"minValue\":\"201\",\"maxValue\":\"500\"}}]}<\/script>\n<!-- \/ Yoast SEO Premium plugin. -->","yoast_head_json":{"title":"Confirmaci\u00f3n Contacto - Itera Process","robots":{"index":"index","follow":"follow","max-snippet":"max-snippet:-1","max-image-preview":"max-image-preview:large","max-video-preview":"max-video-preview:-1"},"canonical":"https:\/\/www.iteraprocess.com\/es_la\/confirmacion-contacto\/","og_locale":"es_LA","og_type":"article","og_title":"Confirmaci\u00f3n Contacto","og_description":"\u00a1Formulario recibido! Gracias por considerarnos para tu transformaci\u00f3n digital. Nuestro equipo revisar\u00e1 tu solicitud y en breve se pondr\u00e1 en contacto contigo. Ser\u00e1s redirigido al Inicio en: 0 segundos","og_url":"https:\/\/www.iteraprocess.com\/es_la\/confirmacion-contacto\/","og_site_name":"Itera Process","article_publisher":"https:\/\/www.facebook.com\/IteraBusinessProcess","article_modified_time":"2025-03-14T20:40:31+00:00","twitter_card":"summary_large_image","schema":{"@context":"https:\/\/schema.org","@graph":[{"@type":"WebPage","@id":"https:\/\/www.iteraprocess.com\/es_la\/confirmacion-contacto\/","url":"https:\/\/www.iteraprocess.com\/es_la\/confirmacion-contacto\/","name":"Confirmaci\u00f3n Contacto - Itera Process","isPartOf":{"@id":"https:\/\/www.iteraprocess.com\/#website"},"datePublished":"2025-02-11T19:18:33+00:00","dateModified":"2025-03-14T20:40:31+00:00","breadcrumb":{"@id":"https:\/\/www.iteraprocess.com\/es_la\/confirmacion-contacto\/#breadcrumb"},"inLanguage":"es-LA","potentialAction":[{"@type":"ReadAction","target":["https:\/\/www.iteraprocess.com\/es_la\/confirmacion-contacto\/"]}]},{"@type":"BreadcrumbList","@id":"https:\/\/www.iteraprocess.com\/es_la\/confirmacion-contacto\/#breadcrumb","itemListElement":[{"@type":"ListItem","position":1,"name":"Portada","item":"https:\/\/www.iteraprocess.com\/es_la\/"},{"@type":"ListItem","position":2,"name":"Confirmaci\u00f3n Contacto"}]},{"@type":"WebSite","@id":"https:\/\/www.iteraprocess.com\/#website","url":"https:\/\/www.iteraprocess.com\/","name":"Itera Process","description":"","publisher":{"@id":"https:\/\/www.iteraprocess.com\/#organization"},"potentialAction":[{"@type":"SearchAction","target":{"@type":"EntryPoint","urlTemplate":"https:\/\/www.iteraprocess.com\/?s={search_term_string}"},"query-input":{"@type":"PropertyValueSpecification","valueRequired":true,"valueName":"search_term_string"}}],"inLanguage":"es-LA"},{"@type":"Organization","@id":"https:\/\/www.iteraprocess.com\/#organization","name":"Itera Process","alternateName":"IT ERA","url":"https:\/\/www.iteraprocess.com\/","logo":{"@type":"ImageObject","inLanguage":"es-LA","@id":"https:\/\/www.iteraprocess.com\/#\/schema\/logo\/image\/","url":"https:\/\/www.iteraprocess.com\/wp-content\/uploads\/2026\/03\/2.png","contentUrl":"https:\/\/www.iteraprocess.com\/wp-content\/uploads\/2026\/03\/2.png","width":1200,"height":1200,"caption":"Itera Process"},"image":{"@id":"https:\/\/www.iteraprocess.com\/#\/schema\/logo\/image\/"},"sameAs":["https:\/\/www.facebook.com\/IteraBusinessProcess","https:\/\/www.linkedin.com\/company\/itera-process"],"description":"Somos especialistas en proyectos complejos de Cloud, Workflow Automation, AI y Data. Aceleramos la transformaci\u00f3n digital de las empresas con un enfoque estrat\u00e9gico, \u00e1gil y centrado en resultados.","email":"info.mx.df@iteraprocess.com","telephone":"52553300 0650","legalName":"IT ERA SA de CV","foundingDate":"2001-01-30","vatID":"ESB85261071","numberOfEmployees":{"@type":"QuantitativeValue","minValue":"201","maxValue":"500"}}]}},"_links":{"self":[{"href":"https:\/\/www.iteraprocess.com\/es_la\/wp-json\/wp\/v2\/pages\/25179","targetHints":{"allow":["GET"]}}],"collection":[{"href":"https:\/\/www.iteraprocess.com\/es_la\/wp-json\/wp\/v2\/pages"}],"about":[{"href":"https:\/\/www.iteraprocess.com\/es_la\/wp-json\/wp\/v2\/types\/page"}],"author":[{"embeddable":true,"href":"https:\/\/www.iteraprocess.com\/es_la\/wp-json\/wp\/v2\/users\/1"}],"replies":[{"embeddable":true,"href":"https:\/\/www.iteraprocess.com\/es_la\/wp-json\/wp\/v2\/comments?post=25179"}],"version-history":[{"count":0,"href":"https:\/\/www.iteraprocess.com\/es_la\/wp-json\/wp\/v2\/pages\/25179\/revisions"}],"wp:attachment":[{"href":"https:\/\/www.iteraprocess.com\/es_la\/wp-json\/wp\/v2\/media?parent=25179"}],"wp:term":[{"taxonomy":"category","embeddable":true,"href":"https:\/\/www.iteraprocess.com\/es_la\/wp-json\/wp\/v2\/categories?post=25179"},{"taxonomy":"post_tag","embeddable":true,"href":"https:\/\/www.iteraprocess.com\/es_la\/wp-json\/wp\/v2\/tags?post=25179"}],"curies":[{"name":"wp","href":"https:\/\/api.w.org\/{rel}","templated":true}]}}