{"id":23715,"date":"2025-02-11T14:18:33","date_gmt":"2025-02-11T19:18:33","guid":{"rendered":"https:\/\/www.iteraprocess.com\/contact-confirmation\/"},"modified":"2025-03-14T15:41:15","modified_gmt":"2025-03-14T20:41:15","slug":"contact-confirmation","status":"publish","type":"page","link":"https:\/\/www.iteraprocess.com\/en\/contact-confirmation\/","title":{"rendered":"Contact Confirmation"},"content":{"rendered":"\t\t<div data-elementor-type=\"wp-page\" data-elementor-id=\"23715\" class=\"elementor elementor-23715 elementor-23416\" data-elementor-post-type=\"page\">\n\t\t\t\t<div class=\"elementor-element elementor-element-1087a26 e-con-full e-flex e-con e-parent\" data-id=\"1087a26\" data-element_type=\"container\" data-settings=\"{&quot;background_background&quot;:&quot;classic&quot;}\">\n\t\t<div class=\"elementor-element elementor-element-4539edb e-con-full e-flex e-con e-child\" data-id=\"4539edb\" data-element_type=\"container\">\n\t\t\t\t<div class=\"elementor-element elementor-element-4833966 elementor-widget elementor-widget-html\" data-id=\"4833966\" data-element_type=\"widget\" data-widget_type=\"html.default\">\n\t\t\t\t<div class=\"elementor-widget-container\">\n\t\t\t\t\t<script>jQuery(document).ready(function() {\r\n        if(!jQuery('body').hasClass('wp-editor') && !jQuery('body').hasClass('elementor-editor-active')){\r\n            \r\n            let countSegundos = 10;\r\n            document.getElementById('segundos').innerText = countSegundos;\r\n            let myInterval = setInterval(function () {\r\n                countSegundos--;\r\n                document.getElementById('segundos').innerText = countSegundos;\r\n                if(countSegundos <= 0){ window.location.href = location.origin; clearInterval(myInterval); } } , 1000); } }) <\/script>\t\t\t\t<\/div>\n\t\t\t\t<\/div>\n\t\t\t\t<div class=\"elementor-element elementor-element-8c15508 elementor-widget__width-initial elementor-widget elementor-widget-text-editor\" data-id=\"8c15508\" data-element_type=\"widget\" data-widget_type=\"text-editor.default\">\n\t\t\t\t<div class=\"elementor-widget-container\">\n\t\t\t\t\t\t\t\t\t<div class=\"confirm_contac_title\" style=\"text-align: center;\">\n<p class=\"title_a\">Form received!<\/p>\n<p class=\"title_b\">Thank you for considering us for your digital transformation. Our team will review your application and get back to you shortly. <\/p>\n<p class=\"title_c\">You will be redirected to the Home in:<\/p>\n<p class=\"title_c\"><span id=\"segundos\">0<\/span> seconds<\/p>\n<\/div>\n\t\t\t\t\t\t\t\t<\/div>\n\t\t\t\t<\/div>\n\t\t\t\t<\/div>\n\t\t\t\t<\/div>\n\t\t\t\t<\/div>\n\t\t","protected":false},"excerpt":{"rendered":"<p>Form received! Thank you for considering us for your digital transformation. Our team will review your application and get back to you shortly. You will be redirected to the Home in: 0 seconds<\/p>\n","protected":false},"author":1,"featured_media":0,"parent":0,"menu_order":0,"comment_status":"closed","ping_status":"closed","template":"elementor_header_footer","meta":{"inline_featured_image":false,"footnotes":""},"categories":[],"tags":[],"class_list":["post-23715","page","type-page","status-publish","hentry"],"yoast_head":"<!-- This site is optimized with the Yoast SEO Premium plugin v27.5 (Yoast SEO v27.5) - https:\/\/yoast.com\/product\/yoast-seo-premium-wordpress\/ -->\n<title>Contact Confirmation - Itera Process<\/title>\n<meta name=\"robots\" content=\"index, follow, max-snippet:-1, max-image-preview:large, max-video-preview:-1\" \/>\n<link rel=\"canonical\" href=\"https:\/\/www.iteraprocess.com\/en\/contact-confirmation\/\" \/>\n<meta property=\"og:locale\" content=\"en_US\" \/>\n<meta property=\"og:type\" content=\"article\" \/>\n<meta property=\"og:title\" content=\"Contact Confirmation\" \/>\n<meta property=\"og:description\" content=\"Form received! Thank you for considering us for your digital transformation. Our team will review your application and get back to you shortly. You will be redirected to the Home in: 0 seconds\" \/>\n<meta property=\"og:url\" content=\"https:\/\/www.iteraprocess.com\/en\/contact-confirmation\/\" \/>\n<meta property=\"og:site_name\" content=\"Itera Process\" \/>\n<meta property=\"article:publisher\" content=\"https:\/\/www.facebook.com\/IteraBusinessProcess\" \/>\n<meta property=\"article:modified_time\" content=\"2025-03-14T20:41:15+00:00\" \/>\n<meta name=\"twitter:card\" content=\"summary_large_image\" \/>\n<script type=\"application\/ld+json\" class=\"yoast-schema-graph\">{\"@context\":\"https:\\\/\\\/schema.org\",\"@graph\":[{\"@type\":\"WebPage\",\"@id\":\"https:\\\/\\\/www.iteraprocess.com\\\/en\\\/contact-confirmation\\\/\",\"url\":\"https:\\\/\\\/www.iteraprocess.com\\\/en\\\/contact-confirmation\\\/\",\"name\":\"Contact Confirmation - Itera Process\",\"isPartOf\":{\"@id\":\"https:\\\/\\\/www.iteraprocess.com\\\/#website\"},\"datePublished\":\"2025-02-11T19:18:33+00:00\",\"dateModified\":\"2025-03-14T20:41:15+00:00\",\"breadcrumb\":{\"@id\":\"https:\\\/\\\/www.iteraprocess.com\\\/en\\\/contact-confirmation\\\/#breadcrumb\"},\"inLanguage\":\"en-US\",\"potentialAction\":[{\"@type\":\"ReadAction\",\"target\":[\"https:\\\/\\\/www.iteraprocess.com\\\/en\\\/contact-confirmation\\\/\"]}]},{\"@type\":\"BreadcrumbList\",\"@id\":\"https:\\\/\\\/www.iteraprocess.com\\\/en\\\/contact-confirmation\\\/#breadcrumb\",\"itemListElement\":[{\"@type\":\"ListItem\",\"position\":1,\"name\":\"Portada\",\"item\":\"https:\\\/\\\/www.iteraprocess.com\\\/en\\\/\"},{\"@type\":\"ListItem\",\"position\":2,\"name\":\"Contact Confirmation\"}]},{\"@type\":\"WebSite\",\"@id\":\"https:\\\/\\\/www.iteraprocess.com\\\/#website\",\"url\":\"https:\\\/\\\/www.iteraprocess.com\\\/\",\"name\":\"Itera Process\",\"description\":\"\",\"publisher\":{\"@id\":\"https:\\\/\\\/www.iteraprocess.com\\\/#organization\"},\"potentialAction\":[{\"@type\":\"SearchAction\",\"target\":{\"@type\":\"EntryPoint\",\"urlTemplate\":\"https:\\\/\\\/www.iteraprocess.com\\\/?s={search_term_string}\"},\"query-input\":{\"@type\":\"PropertyValueSpecification\",\"valueRequired\":true,\"valueName\":\"search_term_string\"}}],\"inLanguage\":\"en-US\"},{\"@type\":\"Organization\",\"@id\":\"https:\\\/\\\/www.iteraprocess.com\\\/#organization\",\"name\":\"Itera Process\",\"alternateName\":\"IT ERA\",\"url\":\"https:\\\/\\\/www.iteraprocess.com\\\/\",\"logo\":{\"@type\":\"ImageObject\",\"inLanguage\":\"en-US\",\"@id\":\"https:\\\/\\\/www.iteraprocess.com\\\/#\\\/schema\\\/logo\\\/image\\\/\",\"url\":\"https:\\\/\\\/www.iteraprocess.com\\\/wp-content\\\/uploads\\\/2026\\\/03\\\/2.png\",\"contentUrl\":\"https:\\\/\\\/www.iteraprocess.com\\\/wp-content\\\/uploads\\\/2026\\\/03\\\/2.png\",\"width\":1200,\"height\":1200,\"caption\":\"Itera Process\"},\"image\":{\"@id\":\"https:\\\/\\\/www.iteraprocess.com\\\/#\\\/schema\\\/logo\\\/image\\\/\"},\"sameAs\":[\"https:\\\/\\\/www.facebook.com\\\/IteraBusinessProcess\",\"https:\\\/\\\/www.linkedin.com\\\/company\\\/itera-process\"],\"description\":\"Somos especialistas en proyectos complejos de Cloud, Workflow Automation, AI y Data. Aceleramos la transformaci\u00f3n digital de las empresas con un enfoque estrat\u00e9gico, \u00e1gil y centrado en resultados.\",\"email\":\"info.mx.df@iteraprocess.com\",\"telephone\":\"52553300 0650\",\"legalName\":\"IT ERA SA de CV\",\"foundingDate\":\"2001-01-30\",\"vatID\":\"ESB85261071\",\"numberOfEmployees\":{\"@type\":\"QuantitativeValue\",\"minValue\":\"201\",\"maxValue\":\"500\"}}]}<\/script>\n<!-- \/ Yoast SEO Premium plugin. -->","yoast_head_json":{"title":"Contact Confirmation - Itera Process","robots":{"index":"index","follow":"follow","max-snippet":"max-snippet:-1","max-image-preview":"max-image-preview:large","max-video-preview":"max-video-preview:-1"},"canonical":"https:\/\/www.iteraprocess.com\/en\/contact-confirmation\/","og_locale":"en_US","og_type":"article","og_title":"Contact Confirmation","og_description":"Form received! Thank you for considering us for your digital transformation. Our team will review your application and get back to you shortly. You will be redirected to the Home in: 0 seconds","og_url":"https:\/\/www.iteraprocess.com\/en\/contact-confirmation\/","og_site_name":"Itera Process","article_publisher":"https:\/\/www.facebook.com\/IteraBusinessProcess","article_modified_time":"2025-03-14T20:41:15+00:00","twitter_card":"summary_large_image","schema":{"@context":"https:\/\/schema.org","@graph":[{"@type":"WebPage","@id":"https:\/\/www.iteraprocess.com\/en\/contact-confirmation\/","url":"https:\/\/www.iteraprocess.com\/en\/contact-confirmation\/","name":"Contact Confirmation - Itera Process","isPartOf":{"@id":"https:\/\/www.iteraprocess.com\/#website"},"datePublished":"2025-02-11T19:18:33+00:00","dateModified":"2025-03-14T20:41:15+00:00","breadcrumb":{"@id":"https:\/\/www.iteraprocess.com\/en\/contact-confirmation\/#breadcrumb"},"inLanguage":"en-US","potentialAction":[{"@type":"ReadAction","target":["https:\/\/www.iteraprocess.com\/en\/contact-confirmation\/"]}]},{"@type":"BreadcrumbList","@id":"https:\/\/www.iteraprocess.com\/en\/contact-confirmation\/#breadcrumb","itemListElement":[{"@type":"ListItem","position":1,"name":"Portada","item":"https:\/\/www.iteraprocess.com\/en\/"},{"@type":"ListItem","position":2,"name":"Contact Confirmation"}]},{"@type":"WebSite","@id":"https:\/\/www.iteraprocess.com\/#website","url":"https:\/\/www.iteraprocess.com\/","name":"Itera Process","description":"","publisher":{"@id":"https:\/\/www.iteraprocess.com\/#organization"},"potentialAction":[{"@type":"SearchAction","target":{"@type":"EntryPoint","urlTemplate":"https:\/\/www.iteraprocess.com\/?s={search_term_string}"},"query-input":{"@type":"PropertyValueSpecification","valueRequired":true,"valueName":"search_term_string"}}],"inLanguage":"en-US"},{"@type":"Organization","@id":"https:\/\/www.iteraprocess.com\/#organization","name":"Itera Process","alternateName":"IT ERA","url":"https:\/\/www.iteraprocess.com\/","logo":{"@type":"ImageObject","inLanguage":"en-US","@id":"https:\/\/www.iteraprocess.com\/#\/schema\/logo\/image\/","url":"https:\/\/www.iteraprocess.com\/wp-content\/uploads\/2026\/03\/2.png","contentUrl":"https:\/\/www.iteraprocess.com\/wp-content\/uploads\/2026\/03\/2.png","width":1200,"height":1200,"caption":"Itera Process"},"image":{"@id":"https:\/\/www.iteraprocess.com\/#\/schema\/logo\/image\/"},"sameAs":["https:\/\/www.facebook.com\/IteraBusinessProcess","https:\/\/www.linkedin.com\/company\/itera-process"],"description":"Somos especialistas en proyectos complejos de Cloud, Workflow Automation, AI y Data. Aceleramos la transformaci\u00f3n digital de las empresas con un enfoque estrat\u00e9gico, \u00e1gil y centrado en resultados.","email":"info.mx.df@iteraprocess.com","telephone":"52553300 0650","legalName":"IT ERA SA de CV","foundingDate":"2001-01-30","vatID":"ESB85261071","numberOfEmployees":{"@type":"QuantitativeValue","minValue":"201","maxValue":"500"}}]}},"_links":{"self":[{"href":"https:\/\/www.iteraprocess.com\/en\/wp-json\/wp\/v2\/pages\/23715","targetHints":{"allow":["GET"]}}],"collection":[{"href":"https:\/\/www.iteraprocess.com\/en\/wp-json\/wp\/v2\/pages"}],"about":[{"href":"https:\/\/www.iteraprocess.com\/en\/wp-json\/wp\/v2\/types\/page"}],"author":[{"embeddable":true,"href":"https:\/\/www.iteraprocess.com\/en\/wp-json\/wp\/v2\/users\/1"}],"replies":[{"embeddable":true,"href":"https:\/\/www.iteraprocess.com\/en\/wp-json\/wp\/v2\/comments?post=23715"}],"version-history":[{"count":0,"href":"https:\/\/www.iteraprocess.com\/en\/wp-json\/wp\/v2\/pages\/23715\/revisions"}],"wp:attachment":[{"href":"https:\/\/www.iteraprocess.com\/en\/wp-json\/wp\/v2\/media?parent=23715"}],"wp:term":[{"taxonomy":"category","embeddable":true,"href":"https:\/\/www.iteraprocess.com\/en\/wp-json\/wp\/v2\/categories?post=23715"},{"taxonomy":"post_tag","embeddable":true,"href":"https:\/\/www.iteraprocess.com\/en\/wp-json\/wp\/v2\/tags?post=23715"}],"curies":[{"name":"wp","href":"https:\/\/api.w.org\/{rel}","templated":true}]}}